{"id":21262,"date":"2021-08-29T02:37:16","date_gmt":"2021-08-29T00:37:16","guid":{"rendered":"https:\/\/www.monferratototaste.com\/terms-and-conditions\/"},"modified":"2024-05-15T10:16:08","modified_gmt":"2024-05-15T08:16:08","slug":"terms-and-conditions","status":"publish","type":"page","link":"https:\/\/www.monferratototaste.com\/en\/terms-and-conditions\/","title":{"rendered":"Terms and conditions"},"content":{"rendered":"\t\t<div data-elementor-type=\"wp-page\" data-elementor-id=\"21262\" class=\"elementor elementor-21262 elementor-7065\">\n\t\t\t\t\t\t<section class=\"elementor-section elementor-top-section elementor-element elementor-element-517eacc8 elementor-section-boxed elementor-section-height-default elementor-section-height-default\" data-id=\"517eacc8\" data-element_type=\"section\" data-e-type=\"section\">\n\t\t\t\t\t\t<div class=\"elementor-container elementor-column-gap-default\">\n\t\t\t\t\t<div class=\"elementor-column elementor-col-100 elementor-top-column elementor-element elementor-element-7ea5865b\" data-id=\"7ea5865b\" data-element_type=\"column\" data-e-type=\"column\">\n\t\t\t<div class=\"elementor-widget-wrap elementor-element-populated\">\n\t\t\t\t\t\t<div class=\"elementor-element elementor-element-646936d6 elementor-widget elementor-widget-text-editor\" data-id=\"646936d6\" data-element_type=\"widget\" data-e-type=\"widget\" data-widget_type=\"text-editor.default\">\n\t\t\t\t<div class=\"elementor-widget-container\">\n\t\t\t\t\t\t\t\t\t<p><strong>Terms and conditions<\/strong><\/p>\n<p><strong>La Monferrato To Taste srls \u00e8 la titolare del sito www.monferratototaste.com<\/strong><strong>         <\/strong><\/p>\n<p>Le presenti Condizioni di Utilizzo disciplinano le relazioni commerciali esistenti tra i proprietari e l\u2019autore dell\u2019ordine i cui dati personali sono indicati nel modulo d\u2019ordine. Qualsiasi condizione formulata dal Cliente non conforme alle presenti Condizioni di Utilizzo sar\u00e0 ritenuta non valida. Le presenti Condizioni di Utilizzo potranno subire tutte le modifiche rese necessarie da successive disposizioni di legge. Con il presente contratto, la titolarit\u00e0 offre i beni ed i servizi scelti dal Cliente nel modulo d\u2019ordine, da considerarsi parte integrante del contratto.Il contratto stipulato tra titolarit\u00e0 e il Cliente deve intendersi concluso con l\u2019accettazione, anche solo parziale, dell\u2019ordine da parte di titolarit\u00e0. Tale accettazione si ritiene tacita, se non altrimenti comunicato con qualsiasi modalit\u00e0 al Cliente. Effettuando un ordine nelle varie modalit\u00e0 previste, il Cliente dichiara di aver preso visione e accettato in ogni sua parte, tutte le indicazioni a lui fornite durante la procedura di acquisto, l\u2019offerta delle specifiche dei prodotti, e le presenti Condizioni di Utilizzo nella loro interezza.Il Cliente dichiara di non avere inserito nel modulo d\u2019ordine dati falsi o di fantasia, e dichiara pertanto che i dati inseriti corrispondono ai propri reali dati personali. titolarit\u00e0 si riserva di perseguire nelle opportune sedi ogni violazione ed abuso. Gli obblighi assunti dal Cliente nel presente articolo nonch\u00e9 la garanzia del buon fine di pagamento effettuato dal Cliente, hanno carattere essenziale per titolarit\u00e0, che si riserva il diritto, in caso di inadempimento di uno dei suddetti obblighi, di risolvere il contratto di diritto, fatto salvo l\u2019eventuale diritto al risarcimento del danno.<\/p>\n<p><strong>OBBLIGHI DELL\u2019ACQUIRENTE<\/strong><\/p>\n<p>\u00c8 espressamente vietato fornire dati falsi e \/ o utilizzare l\u2019identit\u00e0 di un\u2019altra persona nel processo di registrazione, fondamentale per l\u2019esecuzione del contratto di vendita e alle relative comunicazioni. Il nome e l\u2019indirizzo e-mail forniti dall\u2019utente devono essere reali e tutti i dati devono essere veri e aggiornati.<\/p>\n<p>In caso di ordini effettuati tramite il monferratototaste.com, \u00e8 obbligatorio leggere e accettare i Termini e condizioni prima di inviare un ordine di acquisto. L\u2019accettazione sar\u00e0 effettuata attraverso la registrazione del profilo relativo sul sito web. Se l\u2019accettazione non viene data, l\u2019ordine non pu\u00f2 essere completato.<\/p>\n<p><strong>COSTO DI SPEDIZIONE<\/strong><\/p>\n<p>In Italia per ordini minori di \u20ac xxxxxx il costo di spedizione \u00e8 di \u20ac xxxxx. La consegna sar\u00e0 gratuita per ordini superiori a \u20ac xxxxxxx.<\/p>\n<p>In Europa per ordini minori di xxxxxx, il costo di spedizione \u00e8 di \u20ac xxxxxx. La consegna sar\u00e0 gratuita per ordini superiori a \u20ac xxxxxxx<\/p>\n<p>Spediamo nei seguenti paesi:Italia, Austria, Svizzera, Belgio, Bulgaria, Repubblica Ceca, Ungheria, Principato di Monaco, Portogallo, Francia, Germania, Lussemburgo, Paesi Bassi, Gran Bretagna, Spagna, Serbia, Croazia, Danimarca, Finlandia, Grecia, Irlanda, Svezia, Slovacchia, Polonia, Romania, Lituania, Estonia, Lettonia e Slovenia.<\/p>\n<p><strong>DIRITTO DI RECESSO<\/strong><\/p>\n<p>Conformemente alle disposizioni legali vigenti, e con particolare riferimento al Codice del Consumo, il Consumatore ha diritto di recedere dall\u2019acquisto dei Prodotti senza alcuna penalit\u00e0 e senza specificarne il motivo, entro il termine di 14 (quattordici) giorni solari (di calendario) decorrenti dalla data di ricezione dei prodotti.<\/p>\n<p>Il recesso dovr\u00e0 essere esercitato tramite dichiarazione esplicita, che potr\u00e0 essere trasmessa a mezzo raccomandata a.r. al seguente indirizzo: MONFERRATO TO TASTE SRLS sede operativa Via Genova 128 Spinetta Marengo 15122 Alessandria o con ogni altro mezzo idoneo. La raccomandata si intende spedita in tempo utile se \u00e8 stata consegnata all\u2019ufficio postale accettante entro il termine di 14 (quattordici) giorni solari dal ricevimento del prodotto.<\/p>\n<p>Dopo l\u2019autorizzazione al reso, l\u2019utente dovr\u00e0 provvedere a spedire, utilizzando un vettore a propria scelta e a proprie spese, entro 10 (dieci) giorni lavorativi dalla data di autorizzazione al reso i prodotti acquistati, opportunamente imballati nella loro confezione originale, con confezione chiusa, corredati di tutti gli eventuali accessori.<br \/>Monferrato To Taste Srls controller\u00e0 il prodotto, che deve risultare integro, nel suo imballo originale, completo di tutte le sue parti e di eventuale documentazione accessoria. La mancanza\/rottura di qualsiasi contenuto dell\u2019imballo comporta l\u2019impossibilit\u00e0 di esercitare il diritto di recesso. Restano a carico del Consumatore le sole spese dirette alla restituzione dei prodotti al mittente. Non saranno accettati resi con spese a carico del destinatario.<\/p>\n<p>Una volta verificato che il prodotto restituito sia completamente integro in ogni sua parte, Monferrato To Taste Srls si impegna a procedere con il rimborso del prezzo di acquisto entro e non oltre 14 (quattordici) giorni solari (di calendario) dal ricevimento della richiesta di recesso, previa ricezione e verifica del prodotto oggetto di reso oppure dimostrazione da parte del Consumatore di aver rispedito i beni, a seconda di quale situazione si verifichi prima. La spedizione \u00e8 sotto completa responsabilit\u00e0 del Consumatore; in caso di danneggiamento del prodotto durante il trasporto, verr\u00e0 fatta comunicazione al Consumatore, il quale dovr\u00e0 provvedere a sue spese al ritiro dello stesso entro e non oltre 30 (trenta) giorni. Dopo tale termine il prodotto verr\u00e0 smaltito.<br \/>Vi preghiamo di spedire i prodotti esclusivamente al nostro servizio logistico con la seguente indicazione: Monferrato To Taste Srls Via Genova 128 Spinetta Marengo 15122 Alessandria.<\/p>\n<p>Per qualsiasi informazione contattare: ordini@monferratototaste.com, il servizio clienti provveder\u00e0 ad organizzare il ritiro della merce resa in caso di richiesta da parte del Cliente. Anche in questo caso le spese di spedizione per i prodotti resi saranno a carico del Cliente.<br \/>Ai sensi dell\u2019art. 55 del Codice del Consumo, il diritto di recesso \u00e8 escluso nel caso in cui la vendita abbia ad oggetto prodotti confezionati su misura o personalizzati o che per loro natura non possono essere rispediti o rischiano di deteriorarsi o alterarsi rapidamente (es. generi alimentari, cosmetici, fiori, etc.).<\/p>\n<p><strong>TRACCIABILIT\u00c0 DEI PRODOTTI VENDUTI<\/strong><\/p>\n<p>Su tutti i prodotti gestiti da Monferrato To Taste e specialmente quelli regolamentati da normative europee \u00e8 garantita la totale tracciabilit\u00e0 e rintracciabilit\u00e0 degli articoli venduti.<\/p>\n<p><strong>DETTAGLI SUL CONFEZIONAMENTO<\/strong><\/p>\n<p>La maggior parte dei prodotti, soprattutto i formaggi e i salumi, vengono spediti sotto vuoto o termo-saldati.<\/p>\n<p>Tutte le box ordinate verranno confezionate in maniera idonea per permettere la corretta spedizione al cliente.<\/p>\n<p>Tutti gli alimenti venduti sul sito monferratotaste.com sono secchi o stagionati, quindi, secondo le ultime normative, non devono essere trasportati seguendo la catena del freddo 0-4\u00b0C<\/p>\n<p><strong>PRODOTTI E INFORMAZIONI TECNICHE<\/strong><\/p>\n<p>Le immagini dei prodotti sono puramente indicative e potrebbero pertanto non essere perfettamente rappresentative delle caratteristiche del prodotto, differendo per colori, dimensioni o accessori. Le informazioni tecniche inserite nel Sito, sono ricavate dalle informazioni pubblicate dalle case produttrici dei beni inseriti nelle nostre box. La titolarit\u00e0, pertanto, si riserva la facolt\u00e0 di modificare\/adeguare le informazioni tecniche e dimensionali dei prodotti inseriti nelle box, in base a quanto sar\u00e0 comunicato dai produttori, anche senza preavviso alcuno.<\/p>\n<p><strong>PREZZI<\/strong><strong><br \/><\/strong>Tutti i prezzi inseriti sul sito sono da intendersi prezzi IVA inclusa. La titolarit\u00e0 si riserva il diritto di modificare i prezzi dei prodotti in qualsiasi momento, tuttavia i prezzi fatturati sono quelli in vigore al momento dell\u2019ordine. In caso di divergenza tra tariffa indicata e in vigore al momento dell\u2019ordine del Cliente, a causa di un errore di battitura, edizione o calcolo sul sito, prevarr\u00e0 la tariffa in vigore. Il Cliente potr\u00e0 tuttavia annullare il suo ordine segnalandoci il problema.<\/p>\n<p><strong>MODALITA&#8217; DI ACQUISTO<\/strong><strong><br \/><\/strong>Il Cliente pu\u00f2 acquistare solo i prodotti presenti nel sito monferratotaste.com al momento dell\u2019inoltro dell\u2019ordine.<strong><br \/><\/strong>Il modo pi\u00f9 rapido per realizzare un ordine \u00e8 tramite internet (on-line), accedendo al proprio carrello spesa mediante i dati (E-mail e Password) di registrazione al Sito. Questo metodo di acquisto richiede pertanto la registrazione al Sito.<strong><br \/><\/strong>La corretta ricezione dell\u2019ordine viene confermata dalla titolarit\u00e0 mediante un messaggio inviato all\u2019indirizzo di posta elettronica (e-mail) comunicato dal Cliente. Il messaggio di conferma riporter\u00e0 un Numero Ordine Cliente, da utilizzarsi in tutte le successive comunicazioni con la titolarit\u00e0, e riproporr\u00e0 tutti i dati inseriti dal Cliente che si impegna a verificarne la correttezza e a comunicare tempestivamente eventuali correzioni ai contatti riportati nel suo modulo di registrazione o sulla e-mail stessa di conferma.<strong><br \/><\/strong>Nel caso di mancata accettazione dell\u2019ordine, la titolarit\u00e0 garantisce tempestiva comunicazione al Cliente sempre tramite e-mail oppure telefonicamente.<strong><br \/><\/strong>Se i prodotti ordinati non dovessero essere disponibili dopo l\u2019ordine del Cliente, la titolarit\u00e0 invier\u00e0 una e-mail al Cliente per informarlo della indisponibilit\u00e0 del prodotto e proporgli di annullare o modificare il suo ordine o procastinare la consegna non appena i prodotti saranno nuovamente disponibili.<\/p>\n<p><strong>MODALITA&#8217; DI PAGAMENTO<\/strong><strong><br \/><\/strong>La titolarit\u00e0, per le consegne effettuate in Italia ed all\u2019estero accetta le seguenti forme di pagamento: carte di credito Visa, Mastercard, Stripe e bonifico bancario.<\/p>\n<ol>\n<li>Pagamento con modalit\u00e0 elettronica<strong><br \/><\/strong>Scegliendo la modalit\u00e0 di pagamento con Carta di Credito\/Stripe ,cliccando su \u201cConferma Ordine\u201d il cliente verr\u00e0 indirizzato sul server sicuro, dove potr\u00e0 effettuare il pagamento in assoluta tranquillit\u00e0 e senza il minimo rischio che qualcuno venga in possesso dei dati sensibili. I dati della carta di credito non verranno e non possono essere visualizzati neanche dallo Staff di Monferrato To Taste, il quale ricever\u00e0 una semplice e-mail di conferma dell\u2019avvenuta transazione. Al termine dell\u2019operazione si verr\u00e0 reindirizzati sul sito e verr\u00e0 comunicato se la procedura di acquisto \u00e8 avvenuta con successo.<strong><br \/><\/strong>Contestualmente alla conclusione della transazione on-line, l\u2019istituto bancario di riferimento provveder\u00e0 ad autorizzare l\u2019importo relativo all\u2019acquisto effettuato.<strong><br \/><\/strong>Monferrato To Taste si riserva la facolt\u00e0 di richiedere al Cliente l\u2019invio di copia di documenti di identit\u00e0 comprovanti la titolarit\u00e0 della Carta utilizzata. In mancanza della documentazione richiesta, la stessa si riserva la facolt\u00e0 di non accettare l\u2019ordine.<strong><br \/><\/strong>In nessun momento della procedura di acquisto la titolarit\u00e0 pu\u00f2 venire a conoscenza delle informazioni relative alla carta di credito dell\u2019acquirente, trasmesse tramite connessione protetta direttamente al sito dell\u2019istituto bancario che gestisce la transazione. Nessun archivio informatico conserver\u00e0 tali dati. In nessun caso Monferrato To Taste Srls pu\u00f2 quindi essere ritenuta responsabile per eventuale uso fraudolento e indebito di carte di credito da parte di terzi, all\u2019atto del pagamento di prodotti acquistati su codesto sito.<\/li>\n<li>Bonifico Bancario<br \/>In caso di pagamento tramite Bonifico Bancario anticipato, quanto ordinato dal Cliente verr\u00e0 mantenuto impegnato fino al ricevimento della prova di avvenuto pagamento, da inviarsi alla e-mail <a href=\"mailto:ordini@monferratotaste.com\">ordini@monferratotaste.com<\/a> entro e non oltre 3 giorni lavorativi dalla data di accettazione dell\u2019ordine. L\u2019invio di quanto ordinato avverr\u00e0 solo all\u2019atto dell\u2019effettivo ricevimento della somma ad titolarit\u00e0 che dovr\u00e0 avvenire entro 7 giorni lavorativi dalla data di accettazione dell\u2019ordine, oltrepassata tale scadenza, l\u2019ordine verr\u00e0 ritenuto automaticamente annullato.<br \/>La causale del bonifico bancario dovr\u00e0 riportare:<br \/>\u2013 Il Numero d\u2019Ordine come indicato nella e-mail ricevuta come conferma dell\u2019ordine<br \/>\u2013 La data di effettuazione dell\u2019ordine che \u00e8 la stessa della e-mail di conferma dell\u2019ordine<br \/>\u2013Nome e Cognome dell\u2019intestatario dell\u2019ordine i dati per effettuare il Bonifico Bancario vi verranno indicati nella e-mail di conferma dell\u2019ordine.<\/li>\n<\/ol>\n<p><strong>ACCETTAZIONE ED EVASIONE DELL&#8217;ORDINE<\/strong><br \/>La titolarit\u00e0 si riserva di accettare solo gli ordini provenienti da soggetti in possesso di Codice Fiscale e\/o Partita IVA (o un dato equipollente se non residenti in Italia) e che abbiano compiuto la maggiore et\u00e0.<br \/>La titolarit\u00e0 si riserva il diritto di rifiutare l\u2019ordine anche nei seguenti casi: spedizioni presso caselle postali; fornitura di dati anagrafici non reali o errati; precedente inadempimento a qualsiasi titolo nei confronti di titolarit\u00e0; iscrizione nell\u2019elenco dei protesti; assoggettamento a procedure concorsuali; mancanza di disponibilit\u00e0 della merce, per qualsiasi motivo, nei magazzini propri o presso i fornitori; in ogni altro caso di incompatibilit\u00e0 con gli interessi economici e le politiche aziendali di titolarit\u00e0.<br \/>La titolarit\u00e0 provvede, a fronte della verifica di avvenuto pagamento da parte del Cliente, all\u2019evasione degli ordini dal luned\u00ec al venerdi\u2019. Se un ordine viene effettuato durante il fine settimana (o in giorni festivi), l&#8217;evasione verr\u00e0 effettuata nel primo giorno lavorativo disponibile.<\/p>\n<p><strong>SPEDIZIONE E CONSEGNA DEI PRODOTTI<\/strong><\/p>\n<p><strong>La titolarit\u00e0 si riserva 3\/4 giorni lavorativi per espletare tutte le operazioni di reperimento merce, impacchettamento e pratiche amministrative necessarie. A questi giorni va poi sommato il tempo impiegato dal corriere per la consegna, questi ultimi variano a seconda del corriere che verr\u00e0 utilizzato e del luogo di consegna.<\/strong><strong><br \/><\/strong><strong>La titolarit\u00e0 si impegna a consegnare i prodotti ordinati dal Cliente a mezzo Corriere, presso l\u2019indirizzo dallo stesso specificato in fase di registrazione dei dati dell\u2019ordine.<\/strong><strong><br \/><\/strong><strong>Nessuna responsabilit\u00e0 pu\u00f2 essere imputata a titolarit\u00e0 in caso di ritardo nell\u2019evasione dell\u2019ordine o nella consegna di quanto ordinato.<\/strong><strong><br \/><\/strong><strong>Al momento della consegna della merce da parte del corriere, il Cliente \u00e8 tenuto a controllare:<\/strong><strong><br \/>\u2013<\/strong><strong>che il numero dei colli (numero di pacchi) in consegna corrisponda a quanto indicato nel documento di trasporto anticipato via e-mail;<\/strong><strong><br \/>\u2013<\/strong><strong>che il pacco risulti integro, non danneggiato, non manomesso, n\u00e9 bagnato o comunque alterato, anche nei materiali di chiusura (nastro adesivo e fascette). Eventuali contestazioni devono essere immediatamente sollevate al trasportatore del corriere che effettua la consegna, in mancanza di queste, la merce sar\u00e0 considerata consegnata correttamente, infatti una volta firmato il documento del corriere, il Cliente non potr\u00e0 opporre alcuna contestazione circa le caratteristiche esteriori di quanto consegnato.<\/strong><\/p>\n<p><strong>Se allo scarico della merce risulta un danno evidente all\u2019imballo occorre:<\/strong><\/p>\n<p>\u2013 esprimere una riserva ovvero il pacco viene accettato ma prima di firmare il documento dovrete scrivere nell\u2019apposito spazio, \u201cAccetto con diritto di riserva\u201d, descrivendo per iscritto in maniera dettagliata la natura del danno riscontrato, dopo aver aperto il pacco alla presenza del trasportatore del corriere;<br \/>\u2013 respingere la merce danneggiata qualora non sia possibile accettare il pacco con riserva o nel caso il danno sia comunque visibile senza dover aprire il pacco. Nei casi in cui il Cliente accetti con riserva oppure rifiuti la consegna, \u00e8 pregato di informare la titolarit\u00e0 scrivendo a ordini@monferratotaste.com .<\/p>\n<p>Nel caso di mancato ritiro entro 5 giorni lavorativi del materiale presente in giacenza presso i magazzini del corriere a causa di reiterata impossibilit\u00e0 di consegna al recapito indicato dal Cliente all\u2019atto dell\u2019ordine, l\u2019ordine verr\u00e0 automaticamente annullato.<\/p>\n<p><strong>TERMINI DI CONSEGNA<\/strong><\/p>\n<p>Monferrato To Taste opera in collaborazione con i migliori corrieri nazionali e internazionali. I tempi di consegna dipendono dal paese di destinazione della merce. In caso di ordini in Italia la consegna sar\u00e0 effettuata entro 2\/3 giorni, lavorativi, dalla consegna al corriere. In caso di ordini effettuati in Europa, la consegna sar\u00e0 probabilmente entro 3\/4 giorni lavorativi. In caso di ritardi di consegna per cause di forza maggiore e \/ o di avvenimenti occasionali, il servizio clienti di Monferrato to Taste informer\u00e0 tempestivamente il cliente.<\/p>\n<p><strong>RILASCIO FATTURA ACCOMPAGNATORIA<\/strong><br \/>Per tutti gli ordini effettuati sul sito, la titolarit\u00e0 emette il documento di trasporto della merce spedita, inviandolo tramite l\u2019ordine. Nel caso il Cliente richieda l\u2019emissione della fattura, faranno fede le informazioni fornite dal Cliente nel modulo di registrazione, con particolare riferimento ai campi Codice Fiscale, Nome Azienda e Partita IVA. Nessuna variazione in fattura sar\u00e0 possibile, dopo l\u2019emissione della stessa, che avverr\u00e0 dopo che il Cliente avr\u00e0 effettuato il pagamento dell\u2019intero importo previsto. La fattura accompagnatoria verr\u00e0 inserita ed inviata unitamente alla merce nell\u2019apposito spazio riservato ai documenti di trasporto.<\/p>\n<p><strong>ESONERO DA RESPONSABILIT\u00c0<\/strong><br \/>La titolarit\u00e0 non \u00e8 responsabile di alcun danno o perdita, diretta e\/o indiretta, derivante dalla vendita di beni e servizi proposti nel catalogo pubblicato nel Sito, anche per ritardata e\/o mancata consegna del prodotto, n\u00e9 per la corrispondenza della merce alle specifiche pubblicate nel sito, n\u00e9 per qualsiasi altro fatto non imputabile in via diretta alla titolarit\u00e0.<br \/>Viene escluso ogni diritto del Cliente a un risarcimento danni o indennizzo, nonch\u00e9 qualsiasi responsabilit\u00e0 contrattuale o extracontrattuale per danni diretti o indiretti a persone e\/o cose, provocati dalla mancata accettazione, anche parziale, di un ordine.<br \/>L\u2019immagine a corredo della scheda descrittiva di un prodotto pu\u00f2 non essere perfettamente rappresentativa delle sue caratteristiche, ma differire per colore, dimensioni, prodotti accessori presenti in figura. Tutte le informazioni di supporto sono da intendersi come semplice materiale informativo generico, non riferibile alle reali caratteristiche di un singolo prodotto. La titolarit\u00e0 non risponde di errori tipografici o variazioni delle caratteristiche e dei prezzi introdotte dai produttori o di danni causati dall\u2019uso improprio dei prodotti.<\/p>\n<p><strong>ASSISTENZA CLIENTI<\/strong><br \/>Per eventuali richieste, fatture, reclami, informazioni o problemi potete contattare Monferrato To Taste all\u2019indirizzo di posta elettronica al seguente indirizzo E-mail: info@monferratototaste,com.<\/p>\n<p><strong>NORMATIVA VIGENTE<\/strong><br \/>Il contratto di vendita tra il Cliente e la titolarit\u00e0 s\u2019intende concluso in Italia e regolato dalla Legge Italiana. Per qualsiasi controversia civile e penale derivante dalla conclusione del presente contratto di vendita a distanza il Foro competente sar\u00e0 quello del comune di residenza o domicilio del titolare di titolarit\u00e0.<\/p>\n<p><strong>PROBLEMI NELLA NAVIGAZIONE DEL SITO<\/strong><\/p>\n<p>Il Cliente dovr\u00e0 dotarsi autonomamente di apparecchiature e programmi idonei al collegamento alla rete Internet. Qualora il Cliente non riuscisse pi\u00f9 a visualizzare parte o tutto il sito monferratotaste.com nessun addebito o responsabilit\u00e0 potr\u00e0 essere imputato a Monferrato To Taste srls. Sono vietati gli usi di questo sito Web che potrebbero impedirne l\u2019utilizzo da parte di altri utenti Internet, comprometterne la funzionalit\u00e0 e\/o influire sulle informazioni fornite nel sito o per tramite suo o del software sottostante. La titolarit\u00e0 si riserva il diritto di modificare le informazioni fornite dal sito monferratototaste.com o per suo tramite, inclusi i termini della presente Liberatoria, in qualsiasi momento e senza preavviso. La titolarit\u00e0 non sar\u00e0 ritenuta responsabile per il contenuto di siti Web esterni che hanno un collegamento a questo sito o che a questo sito rimandano. La titolarit\u00e0 si riserva la facolt\u00e0 di sospendere la visibilit\u00e0 del sito in tutte o anche solo in parte delle sue funzioni in relazione a tutte le esigenze connesse all\u2019efficienza ed alla sicurezza del medesimo.<\/p>\n<p><strong>ACCETTAZIONE DELLE CONDIZIONI GENERALI DI VENDITA<\/strong><\/p>\n<p>Effettuando un ordine nelle varie modalit\u00e0 previste, il Cliente dichiara di aver preso visione di tutte le indicazioni a lui fornite durante la procedura d\u2019acquisto, e di accettare integralmente le Condizioni Generali e di Pagamento. Quindi, ai sensi degli artt. 1341 e 1342 c.c., il Cliente dichiara di averletto attentamente le Condizioni Generali sopra riportate in tutti i suoi punti e, dopo attenta rilettura, di accettarne espressamente tutti i punti.<\/p>\n<p>MONFERRATO TO TASTE SRLS<\/p>\n<p>Sede Legale:<\/p>\n<p>Viale Rimembranza 128<br \/>12068 \u2013 Narzole (CN) \u2013 ITALY<\/p>\n<p>Sede Operativa<\/p>\n<p>Via Genova 128 Spinetta Marengo<br \/>15122 &#8211; Alessandria (AL) &#8211; ITALY<\/p>\n<p>VAT IT03936680044<br \/>Tel +39 3755930100,<\/p>\n<p><a href=\"mailto:info@monferratototaste.com\">info@monferratototaste.com<\/a> \u2013 ordini@monferratotaste.com<\/p>\n<p>Link for online disputes: <a href=\"http:\/\/ec.europa.eu\/consumers\/odr\/\">http:\/\/ec.europa.eu\/consumers\/odr\/<\/a><\/p>\n\t\t\t\t\t\t\t\t<\/div>\n\t\t\t\t<\/div>\n\t\t\t\t\t<\/div>\n\t\t<\/div>\n\t\t\t\t\t<\/div>\n\t\t<\/section>\n\t\t\t\t<\/div>\n\t\t","protected":false},"excerpt":{"rendered":"<p>Terms and conditions La Monferrato To Taste srls \u00e8 la titolare del sito www.monferratototaste.com Le presenti Condizioni di Utilizzo disciplinano le relazioni commerciali esistenti tra i proprietari e l\u2019autore dell\u2019ordine i cui dati personali sono indicati nel modulo d\u2019ordine. Qualsiasi condizione&#8230;<\/p>\n","protected":false},"author":1,"featured_media":0,"parent":0,"menu_order":0,"comment_status":"closed","ping_status":"closed","template":"","meta":{"footnotes":""},"class_list":["post-21262","page","type-page","status-publish","hentry"],"_links":{"self":[{"href":"https:\/\/www.monferratototaste.com\/en\/wp-json\/wp\/v2\/pages\/21262","targetHints":{"allow":["GET"]}}],"collection":[{"href":"https:\/\/www.monferratototaste.com\/en\/wp-json\/wp\/v2\/pages"}],"about":[{"href":"https:\/\/www.monferratototaste.com\/en\/wp-json\/wp\/v2\/types\/page"}],"author":[{"embeddable":true,"href":"https:\/\/www.monferratototaste.com\/en\/wp-json\/wp\/v2\/users\/1"}],"replies":[{"embeddable":true,"href":"https:\/\/www.monferratototaste.com\/en\/wp-json\/wp\/v2\/comments?post=21262"}],"version-history":[{"count":3,"href":"https:\/\/www.monferratototaste.com\/en\/wp-json\/wp\/v2\/pages\/21262\/revisions"}],"predecessor-version":[{"id":21265,"href":"https:\/\/www.monferratototaste.com\/en\/wp-json\/wp\/v2\/pages\/21262\/revisions\/21265"}],"wp:attachment":[{"href":"https:\/\/www.monferratototaste.com\/en\/wp-json\/wp\/v2\/media?parent=21262"}],"curies":[{"name":"wp","href":"https:\/\/api.w.org\/{rel}","templated":true}]}}